{"id":31,"date":"2017-08-08T14:35:10","date_gmt":"2017-08-08T14:35:10","guid":{"rendered":"http:\/\/www.bsc-lauter.de\/neu\/?page_id=31"},"modified":"2018-05-22T13:23:39","modified_gmt":"2018-05-22T13:23:39","slug":"damengymnastik","status":"publish","type":"page","link":"https:\/\/www.bsc-lauter.de\/neu\/?page_id=31","title":{"rendered":"Damengymnastik"},"content":{"rendered":"<div id=\"dslc-content\" class=\"dslc-content dslc-clearfix\"><div id=\"dslc-main\">\n\t\t<div  class=\"dslc-modules-section \" style=\"padding-bottom:0px;padding-top:0px;\" data-section-id=\"9545c940fdb\">\n\n\t\t\t\t\n\n\t\t\t\t<div class=\"dslc-modules-section-wrapper dslc-clearfix\"><div class=\"dslc-modules-area dslc-col dslc-12-col dslc-last-col\" data-size=\"12\">\n\t\t<div id=\"dslc-module-7e9cb27b612\" class=\"dslc-module-front dslc-module-DSLC_Text_Simple dslc-in-viewport-check dslc-in-viewport-anim-none  dslc-col dslc-12-col dslc-last-col  dslc-module-handle-like-regular \" data-module-id=\"7e9cb27b612\" data-dslc-module-id=\"DSLC_Text_Simple\" data-dslc-module-size=\"12\" data-dslc-anim=\"none\" data-dslc-anim-delay=\"\" data-dslc-anim-duration=\"650\"  data-dslc-anim-easing=\"ease\" data-dslc-preset=\"none\" >\n\n\t\t\t\n\t\t\t\n\t\t<div class=\"dslc-text-module-content\"><h3>\u00a0<\/h3><h3><strong>Immer Montags von 19:30-20:30 Uhr in der Schulturnhalle au\u00dfer in den Ferien<\/strong><\/h3><\/div>\n\t\t\t\t<\/div><!-- .dslc-module -->\n\t\t<\/div><\/div><\/div>\n\t\t<div  class=\"dslc-modules-section \" style=\"padding-bottom:15px;padding-top:15px;\" data-section-id=\"1f3c9683a59\">\n\n\t\t\t\t\n\n\t\t\t\t<div class=\"dslc-modules-section-wrapper dslc-clearfix\"><div class=\"dslc-modules-area dslc-col dslc-12-col dslc-last-col\" data-size=\"12\">\n\t\t<div id=\"dslc-module-00425000369\" class=\"dslc-module-front dslc-module-DSLC_Image dslc-in-viewport-check dslc-in-viewport-anim-none  dslc-col dslc-12-col dslc-last-col  dslc-module-handle-like-regular \" data-module-id=\"00425000369\" data-dslc-module-id=\"DSLC_Image\" data-dslc-module-size=\"12\" data-dslc-anim=\"none\" data-dslc-anim-delay=\"\" data-dslc-anim-duration=\"650\"  data-dslc-anim-easing=\"ease\" data-dslc-preset=\"none\" >\n\n\t\t\t\n\t\t\t\n\t\t\t\t<div class=\"dslc-image-container\">\n\t\t<div class=\"dslc-image\">\n\n\t\t\t\n\t\t\t\t\n\t\t\t\t\t\t\t\t\t<img src=\"https:\/\/www.bsc-lauter.de\/neu\/wp-content\/uploads\/2018\/03\/IMG-20180221-WA0003.jpg\" alt=\"\" title=\"\" \/>\n\t\t\t\t\n\t\t\t\t\n\t\t\t\n\t\t<\/div><!-- .dslc-image -->\n\t\t<\/div>\n\t\t\n\t\t\t\t<\/div><!-- .dslc-module -->\n\t\t<\/div><\/div><\/div>\n\t\t<div  class=\"dslc-modules-section \" style=\"\" data-section-id=\"8c0f36276bd\">\n\n\t\t\t\t\n\n\t\t\t\t<div class=\"dslc-modules-section-wrapper dslc-clearfix\"><div class=\"dslc-modules-area dslc-col dslc-12-col dslc-last-col\" data-size=\"12\">\n\t\t<div id=\"dslc-module-35756459fee\" class=\"dslc-module-front dslc-module-DSLC_Image dslc-in-viewport-check dslc-in-viewport-anim-none  dslc-col dslc-12-col dslc-last-col  dslc-module-handle-like-regular \" data-module-id=\"35756459fee\" data-dslc-module-id=\"DSLC_Image\" data-dslc-module-size=\"12\" data-dslc-anim=\"none\" data-dslc-anim-delay=\"\" data-dslc-anim-duration=\"650\"  data-dslc-anim-easing=\"ease\" data-dslc-preset=\"none\" >\n\n\t\t\t\n\t\t\t\n\t\t\t\t<div class=\"dslc-image-container\">\n\t\t<div class=\"dslc-image\">\n\n\t\t\t\n\t\t\t\t\n\t\t\t\t\t\t\t\t\t<img src=\"https:\/\/www.bsc-lauter.de\/neu\/wp-content\/uploads\/2018\/03\/IMG-20180221-WA0002.jpg\" alt=\"\" title=\"\" \/>\n\t\t\t\t\n\t\t\t\t\n\t\t\t\n\t\t<\/div><!-- .dslc-image -->\n\t\t<\/div>\n\t\t\n\t\t\t\t<\/div><!-- .dslc-module -->\n\t\t<\/div><\/div><\/div>\n\t\t<div  class=\"dslc-modules-section \" style=\"\" data-section-id=\"832a0fbbeac\">\n\n\t\t\t\t\n\n\t\t\t\t<div class=\"dslc-modules-section-wrapper dslc-clearfix\"><div class=\"dslc-modules-area dslc-col dslc-12-col dslc-last-col\" data-size=\"12\">\n\t\t<div id=\"dslc-module-c3799e0f2cd\" class=\"dslc-module-front dslc-module-DSLC_Text_Simple dslc-in-viewport-check dslc-in-viewport-anim-none  dslc-col dslc-12-col dslc-last-col  dslc-module-handle-like-regular \" data-module-id=\"c3799e0f2cd\" data-dslc-module-id=\"DSLC_Text_Simple\" data-dslc-module-size=\"12\" data-dslc-anim=\"none\" data-dslc-anim-delay=\"\" data-dslc-anim-duration=\"650\"  data-dslc-anim-easing=\"ease\" data-dslc-preset=\"none\" >\n\n\t\t\t\n\t\t\t\n\t\t<div class=\"dslc-text-module-content\"><p>Lauterer Damengymnastik bedankt sich bei Evelyn Manger<\/p><\/div>\n\t\t\t\t<\/div><!-- .dslc-module -->\n\t\t<\/div><\/div><\/div>\n\t\t<div  class=\"dslc-modules-section \" style=\"\" data-section-id=\"a51d073dd1e\">\n\n\t\t\t\t\n\n\t\t\t\t<div class=\"dslc-modules-section-wrapper dslc-clearfix\"><div class=\"dslc-modules-area dslc-col dslc-12-col dslc-last-col\" data-size=\"12\">\n\t\t<div id=\"dslc-module-4718d33afa7\" class=\"dslc-module-front dslc-module-DSLC_Image dslc-in-viewport-check dslc-in-viewport-anim-none  dslc-col dslc-12-col dslc-last-col  dslc-module-handle-like-regular \" data-module-id=\"4718d33afa7\" data-dslc-module-id=\"DSLC_Image\" data-dslc-module-size=\"12\" data-dslc-anim=\"none\" data-dslc-anim-delay=\"\" data-dslc-anim-duration=\"650\"  data-dslc-anim-easing=\"ease\" data-dslc-preset=\"none\" >\n\n\t\t\t\n\t\t\t\n\t\t\t\t<div class=\"dslc-image-container\">\n\t\t<div class=\"dslc-image\">\n\n\t\t\t\n\t\t\t\t\n\t\t\t\t\t\t\t\t\t<img src=\"https:\/\/www.bsc-lauter.de\/neu\/wp-content\/uploads\/2018\/05\/Verabschiedung-Evelyn-Manger.jpg\" alt=\"\" title=\"\" \/>\n\t\t\t\t\n\t\t\t\t\n\t\t\t\n\t\t<\/div><!-- .dslc-image -->\n\t\t<\/div>\n\t\t\n\t\t\t\t<\/div><!-- .dslc-module -->\n\t\t<\/div><\/div><\/div>\n\t\t<div  class=\"dslc-modules-section \" style=\"\" data-section-id=\"17f9aa21702\">\n\n\t\t\t\t\n\n\t\t\t\t<div class=\"dslc-modules-section-wrapper dslc-clearfix\"><div class=\"dslc-modules-area dslc-col dslc-12-col dslc-last-col\" data-size=\"12\">\n\t\t<div id=\"dslc-module-2068ba12b7c\" class=\"dslc-module-front dslc-module-DSLC_Text_Simple dslc-in-viewport-check dslc-in-viewport-anim-none  dslc-col dslc-12-col dslc-last-col  dslc-module-handle-like-regular \" data-module-id=\"2068ba12b7c\" data-dslc-module-id=\"DSLC_Text_Simple\" data-dslc-module-size=\"12\" data-dslc-anim=\"none\" data-dslc-anim-delay=\"\" data-dslc-anim-duration=\"650\"  data-dslc-anim-easing=\"ease\" data-dslc-preset=\"none\" >\n\n\t\t\t\n\t\t\t\n\t\t<div class=\"dslc-text-module-content\"><p>Foto: Michael Manger<\/p><p>Auf \u00fcber 25 Jahre T\u00e4tigkeit als \u00dcbungsleiterin bei der Lauterer Damengymnastik kann Evelyn Manger zur\u00fcckblicken. Bei einer kleinen Feier nach dem letzten Training bedankten sich der BSC Lauter und die Damen der Frauenabteilung f\u00fcr ihr langj\u00e4hriges Engagement seit 1980. Neben den w\u00f6chentlichen Gymnastikstunden hielt sie in den zur\u00fcckliegenden Jahren Callanetics, Stepaerobic und Skigymnastik f\u00fcr die ganze Familie. Nachdem sie in n\u00e4chster Zeit etwas k\u00fcrzer treten m\u00f6chte, \u00fcberreichte der Vorstand Sport, Andr\u00e9 Lang, im Namen des BSC Lauter und die beiden Abteilungsleiterinnen Heike Fehr und Kerstin Manger Geschenke und Erinnerungsfotos an die gemeinsame Zeit. Unter dem Motto \"Lust auf Bewegung in der Gemeinschaft\" wird Margot Heilmann in den n\u00e4chsten Wochen das w\u00f6chentliche Damenturnen montags mit Stepdance und allgemeiner Fitness abhalten. Ab 7. Juni wird erstmals seit Jahren wieder eine gemischte Gruppe mit Frauen und M\u00e4nner zur allgemeinen Fitness und R\u00fcckentraining angeboten. Hierzu sind alle Interessierten herzlichst eingeladen. Termin ist immer donnerstags von 19.30 bis 20.30 Uhr in der Schulsporthalle in Lauter.<\/p><\/div>\n\t\t\t\t<\/div><!-- .dslc-module -->\n\t\t<\/div><\/div><\/div><\/div><\/div>","protected":false},"excerpt":{"rendered":"<p>\u00a0Immer Montags von 19:30-20:30 Uhr in der Schulturnhalle au\u00dfer in den Ferien Lauterer Damengymnastik bedankt sich bei Evelyn Manger Foto: Michael MangerAuf \u00fcber 25 Jahre T\u00e4tigkeit als \u00dcbungsleiterin bei der Lauterer Damengymnastik kann Evelyn Manger zur\u00fcckblicken. Bei einer kleinen Feier &hellip; <a href=\"https:\/\/www.bsc-lauter.de\/neu\/?page_id=31\">Weiterlesen <span class=\"meta-nav\">&rarr;<\/span><\/a><\/p>\n","protected":false},"author":1,"featured_media":0,"parent":0,"menu_order":0,"comment_status":"closed","ping_status":"closed","template":"","meta":{"footnotes":""},"class_list":["post-31","page","type-page","status-publish","hentry"],"_links":{"self":[{"href":"https:\/\/www.bsc-lauter.de\/neu\/index.php?rest_route=\/wp\/v2\/pages\/31","targetHints":{"allow":["GET"]}}],"collection":[{"href":"https:\/\/www.bsc-lauter.de\/neu\/index.php?rest_route=\/wp\/v2\/pages"}],"about":[{"href":"https:\/\/www.bsc-lauter.de\/neu\/index.php?rest_route=\/wp\/v2\/types\/page"}],"author":[{"embeddable":true,"href":"https:\/\/www.bsc-lauter.de\/neu\/index.php?rest_route=\/wp\/v2\/users\/1"}],"replies":[{"embeddable":true,"href":"https:\/\/www.bsc-lauter.de\/neu\/index.php?rest_route=%2Fwp%2Fv2%2Fcomments&post=31"}],"version-history":[{"count":4,"href":"https:\/\/www.bsc-lauter.de\/neu\/index.php?rest_route=\/wp\/v2\/pages\/31\/revisions"}],"predecessor-version":[{"id":108,"href":"https:\/\/www.bsc-lauter.de\/neu\/index.php?rest_route=\/wp\/v2\/pages\/31\/revisions\/108"}],"wp:attachment":[{"href":"https:\/\/www.bsc-lauter.de\/neu\/index.php?rest_route=%2Fwp%2Fv2%2Fmedia&parent=31"}],"curies":[{"name":"wp","href":"https:\/\/api.w.org\/{rel}","templated":true}]}}